{"id":1435,"date":"2025-11-15T16:24:38","date_gmt":"2025-11-15T13:24:38","guid":{"rendered":"https:\/\/mudosdigital.com\/tr\/content-marketing\/"},"modified":"2026-03-02T00:57:30","modified_gmt":"2026-03-01T21:57:30","slug":"icerik-pazarlamasi","status":"publish","type":"page","link":"https:\/\/mudosdigital.com\/tr\/icerik-pazarlamasi\/","title":{"rendered":"\u0130\u00e7erik Pazarlamas\u0131"},"content":{"rendered":"<p>Strategic content marketing to grow your business.<\/p>\n","protected":false},"excerpt":{"rendered":"<p>Strategic content marketing to grow your business.<\/p>\n","protected":false},"author":1,"featured_media":0,"parent":0,"menu_order":0,"comment_status":"closed","ping_status":"closed","template":"content-marketing.php","meta":{"footnotes":""},"class_list":["post-1435","page","type-page","status-publish","hentry"],"_links":{"self":[{"href":"https:\/\/mudosdigital.com\/tr\/wp-json\/wp\/v2\/pages\/1435","targetHints":{"allow":["GET"]}}],"collection":[{"href":"https:\/\/mudosdigital.com\/tr\/wp-json\/wp\/v2\/pages"}],"about":[{"href":"https:\/\/mudosdigital.com\/tr\/wp-json\/wp\/v2\/types\/page"}],"author":[{"embeddable":true,"href":"https:\/\/mudosdigital.com\/tr\/wp-json\/wp\/v2\/users\/1"}],"replies":[{"embeddable":true,"href":"https:\/\/mudosdigital.com\/tr\/wp-json\/wp\/v2\/comments?post=1435"}],"version-history":[{"count":1,"href":"https:\/\/mudosdigital.com\/tr\/wp-json\/wp\/v2\/pages\/1435\/revisions"}],"predecessor-version":[{"id":1459,"href":"https:\/\/mudosdigital.com\/tr\/wp-json\/wp\/v2\/pages\/1435\/revisions\/1459"}],"wp:attachment":[{"href":"https:\/\/mudosdigital.com\/tr\/wp-json\/wp\/v2\/media?parent=1435"}],"curies":[{"name":"wp","href":"https:\/\/api.w.org\/{rel}","templated":true}]}}