{"id":1285,"date":"2025-04-12T11:35:52","date_gmt":"2025-04-12T08:35:52","guid":{"rendered":"https:\/\/mudosdigital.com\/tr\/?page_id=1285"},"modified":"2025-04-12T12:17:55","modified_gmt":"2025-04-12T09:17:55","slug":"anahtar-kelime-arastirmasi","status":"publish","type":"page","link":"https:\/\/mudosdigital.com\/tr\/seo-hizmetleri\/anahtar-kelime-arastirmasi\/","title":{"rendered":"Anahtar Kelime Ara\u015ft\u0131rmas\u0131"},"content":{"rendered":"","protected":false},"excerpt":{"rendered":"","protected":false},"author":1,"featured_media":0,"parent":1304,"menu_order":0,"comment_status":"closed","ping_status":"closed","template":"keyword-research.php","meta":{"footnotes":""},"class_list":["post-1285","page","type-page","status-publish","hentry"],"_links":{"self":[{"href":"https:\/\/mudosdigital.com\/tr\/wp-json\/wp\/v2\/pages\/1285","targetHints":{"allow":["GET"]}}],"collection":[{"href":"https:\/\/mudosdigital.com\/tr\/wp-json\/wp\/v2\/pages"}],"about":[{"href":"https:\/\/mudosdigital.com\/tr\/wp-json\/wp\/v2\/types\/page"}],"author":[{"embeddable":true,"href":"https:\/\/mudosdigital.com\/tr\/wp-json\/wp\/v2\/users\/1"}],"replies":[{"embeddable":true,"href":"https:\/\/mudosdigital.com\/tr\/wp-json\/wp\/v2\/comments?post=1285"}],"version-history":[{"count":1,"href":"https:\/\/mudosdigital.com\/tr\/wp-json\/wp\/v2\/pages\/1285\/revisions"}],"predecessor-version":[{"id":1286,"href":"https:\/\/mudosdigital.com\/tr\/wp-json\/wp\/v2\/pages\/1285\/revisions\/1286"}],"up":[{"embeddable":true,"href":"https:\/\/mudosdigital.com\/tr\/wp-json\/wp\/v2\/pages\/1304"}],"wp:attachment":[{"href":"https:\/\/mudosdigital.com\/tr\/wp-json\/wp\/v2\/media?parent=1285"}],"curies":[{"name":"wp","href":"https:\/\/api.w.org\/{rel}","templated":true}]}}